{"id":22,"date":"2026-02-23T18:52:29","date_gmt":"2026-02-23T18:52:29","guid":{"rendered":"https:\/\/magmauxdesign.com\/portfolio-page-2\/"},"modified":"2026-04-10T17:36:04","modified_gmt":"2026-04-10T17:36:04","slug":"cases","status":"publish","type":"page","link":"https:\/\/magmauxdesign.com\/sv\/cases\/","title":{"rendered":"UX Cases"},"content":{"rendered":"<div class=\"wp-block-group is-layout-constrained wp-container-core-group-is-layout-30d023e9 wp-block-group-is-layout-constrained\" style=\"margin-top:0;margin-bottom:0;padding-top:var(--wp--preset--spacing--80);padding-right:var(--wp--preset--spacing--40);padding-bottom:0;padding-left:var(--wp--preset--spacing--40)\">\n<div class=\"wp-block-group is-layout-constrained wp-container-core-group-is-layout-7db9d80f wp-block-group-is-layout-constrained\" style=\"padding-right:0;padding-left:0\">\n<h1 class=\"wp-block-heading alignwide has-text-align-center\">UX Cases<span style=\"color: #FF4E00;\"><strong>.<\/strong><\/span><\/h1>\n\n\n\n<div style=\"height:20px\" aria-hidden=\"true\" class=\"wp-block-spacer\"><\/div>\n\n\n\n<p class=\"has-text-align-center\" style=\"padding-top:0px;padding-right:var(--wp--preset--spacing--80);padding-bottom:0px;padding-left:var(--wp--preset--spacing--80)\"><strong>These case studies offer a closer look at how I approach UX \u2014 from first questions and early sketches to prototypes, testing and refinement. They reflect my belief in inclusive progress and accessibility from the start.<\/strong><\/p>\n<\/div>\n\n\n\n<div style=\"height:50px\" aria-hidden=\"true\" class=\"wp-block-spacer\"><\/div>\n\n\n\n<div class=\"wp-block-columns is-layout-flex wp-container-core-columns-is-layout-28f84493 wp-block-columns-is-layout-flex\">\n<div class=\"wp-block-column is-layout-flow wp-block-column-is-layout-flow\" style=\"flex-basis:100%\">\n<div class=\"wp-block-group alignfull cards-wrapper is-layout-flow wp-container-core-group-is-layout-4cd1f19c wp-block-group-is-layout-flow\" style=\"margin-top:0px;margin-bottom:0px;padding-top:0;padding-right:0;padding-bottom:0;padding-left:0\">\n<div class=\"wp-block-group alignwide is-layout-flow wp-container-core-group-is-layout-bc114f7a wp-block-group-is-layout-flow\" style=\"padding-top:0;padding-right:0;padding-bottom:0;padding-left:0\">\n<div class=\"wp-block-columns has-raft-bg-alt-background-color has-background is-layout-flex wp-container-core-columns-is-layout-072d2254 wp-block-columns-is-layout-flex\" style=\"padding-top:0px;padding-right:0px;padding-bottom:0px;padding-left:0px;box-shadow:var(--wp--preset--shadow--natural)\">\n<div class=\"wp-block-column is-vertically-aligned-center is-layout-flow wp-block-column-is-layout-flow\" style=\"padding-right:0;padding-left:0;flex-basis:60%\">\n<figure class=\"wp-block-image size-full\" style=\"margin-right:0;margin-left:0\"><a href=\"https:\/\/magmauxdesign.com\/sv\/va_syd\/\"><img loading=\"eager\" decoding=\"async\" width=\"2560\" height=\"1792\" src=\"https:\/\/magmauxdesign.com\/wp-content\/uploads\/2026\/02\/splashVASYD-scaled.jpg\" alt=\"iPhone mockup showing the Sustayable app login screen.\" class=\"wp-image-960\" style=\"aspect-ratio:4\/3;object-fit:cover\" srcset=\"https:\/\/magmauxdesign.com\/wp-content\/uploads\/2026\/02\/splashVASYD-scaled.jpg 2560w, https:\/\/magmauxdesign.com\/wp-content\/uploads\/2026\/02\/splashVASYD-300x210.jpg 300w, https:\/\/magmauxdesign.com\/wp-content\/uploads\/2026\/02\/splashVASYD-1024x717.jpg 1024w, https:\/\/magmauxdesign.com\/wp-content\/uploads\/2026\/02\/splashVASYD-768x538.jpg 768w, https:\/\/magmauxdesign.com\/wp-content\/uploads\/2026\/02\/splashVASYD-1536x1075.jpg 1536w, https:\/\/magmauxdesign.com\/wp-content\/uploads\/2026\/02\/splashVASYD-2048x1434.jpg 2048w\" sizes=\"(max-width: 2560px) 100vw, 2560px\" \/><\/a><\/figure>\n<\/div>\n\n\n\n<div class=\"wp-block-column is-vertically-aligned-top is-layout-constrained wp-container-core-column-is-layout-e4965ada wp-block-column-is-layout-constrained\" style=\"padding-top:var(--wp--preset--spacing--50);padding-right:var(--wp--preset--spacing--60);padding-bottom:var(--wp--preset--spacing--30);padding-left:var(--wp--preset--spacing--60)\">\n<p class=\"has-cyan-bluish-gray-color has-text-color has-link-color has-small-font-size wp-elements-207d692a571f47cf6fdffa8523a589dd\">UX | UI | Visuell design | Tillg\u00e4nglighet<\/p>\n\n\n\n<h2 class=\"wp-block-heading has-raft-fg-color has-text-color has-link-color wp-elements-19f7a944bf79ef31daaa443c401cc118\"><a href=\"https:\/\/magmauxdesign.com\/sv\/va_syd\/\" data-type=\"page\" data-id=\"2833\">VA SYD Mina Sidor<\/a><\/h2>\n\n\n\n<p><strong><em>Integrera e-tj\u00e4nster i appen VA SYD<\/em><\/strong><\/p>\n\n\n\n<p>Genom en integrering av VA SYDs Mina Sidor i appen skapas en s\u00f6ml\u00f6s upplevelse som g\u00f6r det enkelt att hantera vatten och avfall i vardagen.<\/p>\n\n\n\n<div class=\"wp-block-buttons is-layout-flex wp-block-buttons-is-layout-flex\" style=\"margin-bottom:var(--wp--preset--spacing--40)\">\n<div class=\"wp-block-button is-style-primary\"><a class=\"wp-block-button__link wp-element-button\" href=\"https:\/\/magmauxdesign.com\/sv\/va_syd\/\">G\u00e5 till Case<\/a><\/div>\n<\/div>\n<\/div>\n<\/div>\n\n\n\n<div style=\"height:54px\" aria-hidden=\"true\" class=\"wp-block-spacer\"><\/div>\n\n\n\n<div class=\"wp-block-columns has-raft-bg-alt-background-color has-background is-layout-flex wp-container-core-columns-is-layout-072d2254 wp-block-columns-is-layout-flex\" style=\"padding-top:0px;padding-right:0px;padding-bottom:0px;padding-left:0px;box-shadow:var(--wp--preset--shadow--natural)\">\n<div class=\"wp-block-column is-vertically-aligned-top is-layout-constrained wp-container-core-column-is-layout-5796d3c2 wp-block-column-is-layout-constrained\" style=\"padding-top:var(--wp--preset--spacing--60);padding-right:var(--wp--preset--spacing--60);padding-bottom:var(--wp--preset--spacing--30);padding-left:var(--wp--preset--spacing--60)\">\n<p class=\"has-cyan-bluish-gray-color has-text-color has-link-color has-small-font-size wp-elements-9947abb5d9e09b6407675b1ba9fe66d8\">UX | UI | Tillg\u00e4nglighet<\/p>\n\n\n\n<h2 class=\"wp-block-heading has-raft-bg-inv-color has-text-color has-link-color wp-elements-9d71f14285db9b0dc05b7a7453a21287\"><a href=\"https:\/\/magmauxdesign.com\/sv\/recolab\/\" data-type=\"page\" data-id=\"2352\">RecoLab<\/a><\/h2>\n\n\n\n<p><strong><em>En app f\u00f6r \u00e5terh\u00e4mtning efter skada<\/em><\/strong><\/p>\n\n\n\n<p style=\"padding-top:0;padding-bottom:0\">RecoLab \u00e4r ett mobilt koncept utformat f\u00f6r att st\u00f6dja personer som \u00e5terh\u00e4mtar sig fr\u00e5n axelskador. <br><\/p>\n\n\n\n<div class=\"wp-block-buttons is-layout-flex wp-block-buttons-is-layout-flex\" style=\"margin-bottom:var(--wp--preset--spacing--40)\">\n<div class=\"wp-block-button is-style-primary\"><a class=\"wp-block-button__link wp-element-button\" href=\"https:\/\/magmauxdesign.com\/sv\/recolab\/\">G\u00e5 till Case<\/a><\/div>\n<\/div>\n<\/div>\n\n\n\n<div class=\"wp-block-column is-vertically-aligned-center is-layout-flow wp-block-column-is-layout-flow\" style=\"flex-basis:50%\">\n<figure class=\"wp-block-image aligncenter size-full\" style=\"margin-right:0;margin-left:0\"><a href=\"https:\/\/magmauxdesign.com\/sv\/recolab\/\"><img loading=\"lazy\" decoding=\"async\" width=\"2475\" height=\"1397\" src=\"https:\/\/magmauxdesign.com\/wp-content\/uploads\/2026\/02\/RecoLab-Hero_card.jpg\" alt=\"\" class=\"wp-image-2531\" style=\"aspect-ratio:1;object-fit:cover\" srcset=\"https:\/\/magmauxdesign.com\/wp-content\/uploads\/2026\/02\/RecoLab-Hero_card.jpg 2475w, https:\/\/magmauxdesign.com\/wp-content\/uploads\/2026\/02\/RecoLab-Hero_card-300x169.jpg 300w, https:\/\/magmauxdesign.com\/wp-content\/uploads\/2026\/02\/RecoLab-Hero_card-1024x578.jpg 1024w, https:\/\/magmauxdesign.com\/wp-content\/uploads\/2026\/02\/RecoLab-Hero_card-768x433.jpg 768w, https:\/\/magmauxdesign.com\/wp-content\/uploads\/2026\/02\/RecoLab-Hero_card-1536x867.jpg 1536w, https:\/\/magmauxdesign.com\/wp-content\/uploads\/2026\/02\/RecoLab-Hero_card-2048x1156.jpg 2048w\" sizes=\"auto, (max-width: 2475px) 100vw, 2475px\" \/><\/a><\/figure>\n<\/div>\n<\/div>\n\n\n\n<hr class=\"wp-block-separator has-text-color has-raft-bg-color has-alpha-channel-opacity has-raft-bg-background-color has-background is-style-wide\" style=\"margin-top:var(--wp--preset--spacing--50);margin-bottom:var(--wp--preset--spacing--50)\"\/>\n\n\n\n<div class=\"wp-block-columns has-raft-bg-alt-background-color has-background is-layout-flex wp-container-core-columns-is-layout-072d2254 wp-block-columns-is-layout-flex\" style=\"padding-top:0px;padding-right:0px;padding-bottom:0px;padding-left:0px;box-shadow:var(--wp--preset--shadow--natural)\">\n<div class=\"wp-block-column is-vertically-aligned-center is-layout-flow wp-block-column-is-layout-flow\" style=\"flex-basis:60%\">\n<figure class=\"wp-block-image size-full\" style=\"margin-right:0;margin-left:0\"><a href=\"https:\/\/magmauxdesign.com\/sv\/sustayable\/\"><img loading=\"lazy\" decoding=\"async\" width=\"2560\" height=\"1920\" src=\"https:\/\/magmauxdesign.com\/wp-content\/uploads\/2026\/02\/sustayable_card_alt-scaled.jpg\" alt=\"iPhone balancing on green background showing the Sustayable app login screen.\" class=\"wp-image-952\" style=\"aspect-ratio:4\/3;object-fit:cover\" srcset=\"https:\/\/magmauxdesign.com\/wp-content\/uploads\/2026\/02\/sustayable_card_alt-scaled.jpg 2560w, https:\/\/magmauxdesign.com\/wp-content\/uploads\/2026\/02\/sustayable_card_alt-300x225.jpg 300w, https:\/\/magmauxdesign.com\/wp-content\/uploads\/2026\/02\/sustayable_card_alt-1024x768.jpg 1024w, https:\/\/magmauxdesign.com\/wp-content\/uploads\/2026\/02\/sustayable_card_alt-768x576.jpg 768w, https:\/\/magmauxdesign.com\/wp-content\/uploads\/2026\/02\/sustayable_card_alt-1536x1152.jpg 1536w, https:\/\/magmauxdesign.com\/wp-content\/uploads\/2026\/02\/sustayable_card_alt-2048x1536.jpg 2048w\" sizes=\"auto, (max-width: 2560px) 100vw, 2560px\" \/><\/a><\/figure>\n<\/div>\n\n\n\n<div class=\"wp-block-column is-vertically-aligned-top is-layout-constrained wp-container-core-column-is-layout-5796d3c2 wp-block-column-is-layout-constrained\" style=\"padding-top:var(--wp--preset--spacing--60);padding-right:var(--wp--preset--spacing--60);padding-bottom:var(--wp--preset--spacing--30);padding-left:var(--wp--preset--spacing--60)\">\n<p class=\"has-cyan-bluish-gray-color has-text-color has-link-color has-small-font-size wp-elements-fa5d7fe1e559804ba9f7715e2b065453\">UX | UI | Visuell design | Tillg\u00e4nglighet | H\u00e5llbarhet<\/p>\n\n\n\n<h2 class=\"wp-block-heading has-raft-fg-color has-text-color has-link-color wp-elements-c0646d798858aab2049926346e9dbad8\"><a href=\"https:\/\/magmauxdesign.com\/sv\/sustayable\/\" data-type=\"page\" data-id=\"807\">Sustayable Reseapp<\/a><\/h2>\n\n\n\n<p><em><strong>Travel And Stay Sustainable<\/strong><\/em><\/p>\n\n\n\n<p>En inkluderande reseapp som minskar hinder, \u00f6kar tydligheten och g\u00f6r h\u00e5llbara val till den sj\u00e4lvklara v\u00e4gen.<\/p>\n\n\n\n<div class=\"wp-block-buttons is-layout-flex wp-block-buttons-is-layout-flex\" style=\"margin-bottom:var(--wp--preset--spacing--40)\">\n<div class=\"wp-block-button is-style-primary\"><a class=\"wp-block-button__link wp-element-button\" href=\"https:\/\/magmauxdesign.com\/sv\/sustayable\/\">G\u00e5 till Case<\/a><\/div>\n<\/div>\n<\/div>\n<\/div>\n\n\n\n<hr class=\"wp-block-separator has-text-color has-raft-bg-color has-alpha-channel-opacity has-raft-bg-background-color has-background is-style-wide\" style=\"margin-top:var(--wp--preset--spacing--50);margin-bottom:var(--wp--preset--spacing--50)\"\/>\n\n\n\n<div class=\"wp-block-columns has-raft-bg-alt-background-color has-background is-layout-flex wp-container-core-columns-is-layout-072d2254 wp-block-columns-is-layout-flex\" style=\"padding-top:0px;padding-right:0px;padding-bottom:0px;padding-left:0px;box-shadow:var(--wp--preset--shadow--natural)\">\n<div class=\"wp-block-column is-vertically-aligned-top is-layout-constrained wp-container-core-column-is-layout-5796d3c2 wp-block-column-is-layout-constrained\" style=\"padding-top:var(--wp--preset--spacing--60);padding-right:var(--wp--preset--spacing--60);padding-bottom:var(--wp--preset--spacing--30);padding-left:var(--wp--preset--spacing--60)\">\n<p class=\"has-cyan-bluish-gray-color has-text-color has-link-color has-small-font-size wp-elements-9947abb5d9e09b6407675b1ba9fe66d8\">UX | UI | Tillg\u00e4nglighet<\/p>\n\n\n\n<h2 class=\"wp-block-heading has-raft-bg-inv-color has-text-color has-link-color wp-elements-b3f657d045bc419266dfdeb98edb34e9\"><a href=\"https:\/\/magmauxdesign.com\/sv\/easylift_carpooling\/\" data-type=\"page\" data-id=\"2352\">EasyLift App f\u00f6r sam\u00e5kning<\/a><\/h2>\n\n\n\n<p><strong><em>En sam\u00e5kning-app med fokus p\u00e5 tillg\u00e4nglighet<\/em><\/strong><\/p>\n\n\n\n<p style=\"padding-top:0;padding-bottom:0\">G\u00f6ra sam\u00e5kning tillg\u00e4ngligt och l\u00e4ttnavigerat, med fokus p\u00e5 tydlighet, anv\u00e4ndbarhet och \u00e5ldersintegrerad design.<br><br><br><\/p>\n\n\n\n<div class=\"wp-block-buttons is-layout-flex wp-block-buttons-is-layout-flex\" style=\"margin-bottom:var(--wp--preset--spacing--40)\">\n<div class=\"wp-block-button is-style-primary\"><a class=\"wp-block-button__link wp-element-button\" href=\"https:\/\/magmauxdesign.com\/sv\/easylift_carpooling\/\">G\u00e5 till Case<\/a><\/div>\n<\/div>\n<\/div>\n\n\n\n<div class=\"wp-block-column is-vertically-aligned-center is-layout-flow wp-block-column-is-layout-flow\" style=\"flex-basis:60%\">\n<figure class=\"wp-block-image alignright size-full\" style=\"margin-right:0;margin-left:0\"><a href=\"https:\/\/magmauxdesign.com\/sv\/easylift_carpooling\/\"><img loading=\"lazy\" decoding=\"async\" width=\"920\" height=\"518\" src=\"https:\/\/magmauxdesign.com\/wp-content\/uploads\/2026\/02\/seniorwithphone.png\" alt=\"A middle-aged woman smiling while using a smartphone outdoors on a bench.\" class=\"wp-image-958\" style=\"aspect-ratio:1;object-fit:cover\" srcset=\"https:\/\/magmauxdesign.com\/wp-content\/uploads\/2026\/02\/seniorwithphone.png 920w, https:\/\/magmauxdesign.com\/wp-content\/uploads\/2026\/02\/seniorwithphone-300x169.png 300w, https:\/\/magmauxdesign.com\/wp-content\/uploads\/2026\/02\/seniorwithphone-768x432.png 768w\" sizes=\"auto, (max-width: 920px) 100vw, 920px\" \/><\/a><\/figure>\n<\/div>\n<\/div>\n<\/div>\n<\/div>\n<\/div>\n<\/div>\n<\/div>\n\n\n\n<div style=\"height:150px\" aria-hidden=\"true\" class=\"wp-block-spacer\"><\/div>","protected":false},"excerpt":{"rendered":"<p>UX Case Studies. These case studies offer a closer look at how I approach UX \u2014 from first questions and early sketches to prototypes, testing and refinement. They reflect my belief in inclusive progress and accessibility from the start. UX | UI | Visual Design | Accessibility VA SYD My Pages Integrating E-Services into the [&hellip;]<\/p>\n","protected":false},"author":1,"featured_media":0,"parent":0,"menu_order":0,"comment_status":"closed","ping_status":"closed","template":"template-plain","meta":{"_themeisle_gutenberg_block_has_review":false,"footnotes":""},"class_list":["post-22","page","type-page","status-publish","hentry"],"_links":{"self":[{"href":"https:\/\/magmauxdesign.com\/sv\/wp-json\/wp\/v2\/pages\/22","targetHints":{"allow":["GET"]}}],"collection":[{"href":"https:\/\/magmauxdesign.com\/sv\/wp-json\/wp\/v2\/pages"}],"about":[{"href":"https:\/\/magmauxdesign.com\/sv\/wp-json\/wp\/v2\/types\/page"}],"author":[{"embeddable":true,"href":"https:\/\/magmauxdesign.com\/sv\/wp-json\/wp\/v2\/users\/1"}],"replies":[{"embeddable":true,"href":"https:\/\/magmauxdesign.com\/sv\/wp-json\/wp\/v2\/comments?post=22"}],"version-history":[{"count":107,"href":"https:\/\/magmauxdesign.com\/sv\/wp-json\/wp\/v2\/pages\/22\/revisions"}],"predecessor-version":[{"id":4496,"href":"https:\/\/magmauxdesign.com\/sv\/wp-json\/wp\/v2\/pages\/22\/revisions\/4496"}],"wp:attachment":[{"href":"https:\/\/magmauxdesign.com\/sv\/wp-json\/wp\/v2\/media?parent=22"}],"curies":[{"name":"wp","href":"https:\/\/api.w.org\/{rel}","templated":true}]}}